{"id":70,"date":"2021-08-05T14:39:15","date_gmt":"2021-08-05T14:39:15","guid":{"rendered":"http:\/\/fundashonbonintenshon.local\/?page_id=70"},"modified":"2021-08-16T16:26:41","modified_gmt":"2021-08-16T16:26:41","slug":"what-other-projects-are-supported-by-fundashon-bon-intenshon","status":"publish","type":"page","link":"https:\/\/fundashonbonintenshon.org\/nl\/projects\/what-other-projects-are-supported-by-fundashon-bon-intenshon\/","title":{"rendered":"Welke andere projecten worden ondersteund door Fundashon Bon Intenshon?"},"content":{"rendered":"<div data-elementor-type=\"wp-page\" data-elementor-id=\"70\" class=\"elementor elementor-70\" data-elementor-settings=\"[]\">\n\t\t\t\t\t\t\t<div class=\"elementor-section-wrap\">\n\t\t\t\t\t\t\t<section class=\"elementor-section elementor-top-section elementor-element elementor-element-5cac74b2 elementor-section-boxed elementor-section-height-default elementor-section-height-default\" data-id=\"5cac74b2\" data-element_type=\"section\" data-settings=\"{&quot;background_background&quot;:&quot;classic&quot;}\">\n\t\t\t\t\t\t<div class=\"elementor-container elementor-column-gap-default\">\n\t\t\t\t\t<div class=\"elementor-column elementor-col-100 elementor-top-column elementor-element elementor-element-69ef10f2\" data-id=\"69ef10f2\" data-element_type=\"column\" data-settings=\"{&quot;background_background&quot;:&quot;classic&quot;}\">\n\t\t\t<div class=\"elementor-widget-wrap elementor-element-populated\">\n\t\t\t\t\t\t\t\t<section class=\"elementor-section elementor-inner-section elementor-element elementor-element-6da2b120 elementor-reverse-mobile elementor-section-boxed elementor-section-height-default elementor-section-height-default\" data-id=\"6da2b120\" data-element_type=\"section\">\n\t\t\t\t\t\t<div class=\"elementor-container elementor-column-gap-default\">\n\t\t\t\t\t<div class=\"elementor-column elementor-col-50 elementor-inner-column elementor-element elementor-element-40ce6113\" data-id=\"40ce6113\" data-element_type=\"column\" data-settings=\"{&quot;background_background&quot;:&quot;classic&quot;}\">\n\t\t\t<div class=\"elementor-widget-wrap elementor-element-populated\">\n\t\t\t\t\t\t\t\t<div class=\"elementor-element elementor-element-282ad0d3 elementor-widget elementor-widget-spacer\" data-id=\"282ad0d3\" data-element_type=\"widget\" data-widget_type=\"spacer.default\">\n\t\t\t\t<div class=\"elementor-widget-container\">\n\t\t\t\t\t<div class=\"elementor-spacer\">\n\t\t\t<div class=\"elementor-spacer-inner\"><\/div>\n\t\t<\/div>\n\t\t\t\t<\/div>\n\t\t\t\t<\/div>\n\t\t\t\t<div class=\"elementor-element elementor-element-3f7361d8 elementor-widget elementor-widget-image\" data-id=\"3f7361d8\" data-element_type=\"widget\" data-widget_type=\"image.default\">\n\t\t\t\t<div class=\"elementor-widget-container\">\n\t\t\t<style>\/*! elementor - v3.5.4 - 23-01-2022 *\/\n.elementor-widget-image{text-align:center}.elementor-widget-image a{display:inline-block}.elementor-widget-image a img[src$=\".svg\"]{width:48px}.elementor-widget-image img{vertical-align:middle;display:inline-block}<\/style>\t\t\t\t\t\t\t\t\t\t\t\t<img width=\"35\" height=\"30\" src=\"https:\/\/fundashonbonintenshon.org\/wp-content\/uploads\/2021\/08\/fbinv-1.png\" class=\"attachment-large size-large\" alt=\"\" loading=\"lazy\" srcset=\"https:\/\/fundashonbonintenshon.org\/wp-content\/uploads\/2021\/08\/fbinv-1.png 35w, https:\/\/fundashonbonintenshon.org\/wp-content\/uploads\/2021\/08\/fbinv-1-14x12.png 14w\" sizes=\"(max-width: 35px) 100vw, 35px\" \/>\t\t\t\t\t\t\t\t\t\t\t\t\t\t\t<\/div>\n\t\t\t\t<\/div>\n\t\t\t\t<div class=\"elementor-element elementor-element-47f75eb elementor-widget elementor-widget-text-editor\" data-id=\"47f75eb\" data-element_type=\"widget\" data-widget_type=\"text-editor.default\">\n\t\t\t\t<div class=\"elementor-widget-container\">\n\t\t\t<style>\/*! elementor - v3.5.4 - 23-01-2022 *\/\n.elementor-widget-text-editor.elementor-drop-cap-view-stacked .elementor-drop-cap{background-color:#818a91;color:#fff}.elementor-widget-text-editor.elementor-drop-cap-view-framed .elementor-drop-cap{color:#818a91;border:3px solid;background-color:transparent}.elementor-widget-text-editor:not(.elementor-drop-cap-view-default) .elementor-drop-cap{margin-top:8px}.elementor-widget-text-editor:not(.elementor-drop-cap-view-default) .elementor-drop-cap-letter{width:1em;height:1em}.elementor-widget-text-editor .elementor-drop-cap{float:left;text-align:center;line-height:1;font-size:50px}.elementor-widget-text-editor .elementor-drop-cap-letter{display:inline-block}<\/style>\t\t\t\t<span style=\"color:#0099ff;\">Fundashon Bon Intenshon<\/span>\nzet zich in voor sociale verbetering op Cura\u00e7ao door (inter)nationale muziek, sport en kunst projecten met een focus op de ontwikkeling van de jeugd\t\t\t\t\t\t<\/div>\n\t\t\t\t<\/div>\n\t\t\t\t<div class=\"elementor-element elementor-element-23a318fd elementor-widget elementor-widget-image\" data-id=\"23a318fd\" data-element_type=\"widget\" data-widget_type=\"image.default\">\n\t\t\t\t<div class=\"elementor-widget-container\">\n\t\t\t\t\t\t\t\t\t\t\t\t\t\t\t<img width=\"35\" height=\"30\" src=\"https:\/\/fundashonbonintenshon.org\/wp-content\/uploads\/2021\/08\/fbinv-1.png\" class=\"attachment-large size-large\" alt=\"\" loading=\"lazy\" srcset=\"https:\/\/fundashonbonintenshon.org\/wp-content\/uploads\/2021\/08\/fbinv-1.png 35w, https:\/\/fundashonbonintenshon.org\/wp-content\/uploads\/2021\/08\/fbinv-1-14x12.png 14w\" sizes=\"(max-width: 35px) 100vw, 35px\" \/>\t\t\t\t\t\t\t\t\t\t\t\t\t\t\t<\/div>\n\t\t\t\t<\/div>\n\t\t\t\t<div class=\"elementor-element elementor-element-58d15ca8 elementor-widget elementor-widget-image\" data-id=\"58d15ca8\" data-element_type=\"widget\" data-widget_type=\"image.default\">\n\t\t\t\t<div class=\"elementor-widget-container\">\n\t\t\t\t\t\t\t\t\t\t\t\t\t\t\t\t<a href=\"\/nl\/program\/curacao-international-blueseas-festival\/\">\n\t\t\t\t\t\t\t<img width=\"197\" height=\"194\" src=\"https:\/\/fundashonbonintenshon.org\/wp-content\/uploads\/2021\/08\/a87fbe60b715474883942f774e9247b6.jpg\" class=\"attachment-large size-large\" alt=\"\" loading=\"lazy\" srcset=\"https:\/\/fundashonbonintenshon.org\/wp-content\/uploads\/2021\/08\/a87fbe60b715474883942f774e9247b6.jpg 197w, https:\/\/fundashonbonintenshon.org\/wp-content\/uploads\/2021\/08\/a87fbe60b715474883942f774e9247b6-12x12.jpg 12w\" sizes=\"(max-width: 197px) 100vw, 197px\" \/>\t\t\t\t\t\t\t\t<\/a>\n\t\t\t\t\t\t\t\t\t\t\t\t\t\t\t<\/div>\n\t\t\t\t<\/div>\n\t\t\t\t<div class=\"elementor-element elementor-element-2f68c32a elementor-widget elementor-widget-image\" data-id=\"2f68c32a\" data-element_type=\"widget\" data-widget_type=\"image.default\">\n\t\t\t\t<div class=\"elementor-widget-container\">\n\t\t\t\t\t\t\t\t\t\t\t\t\t\t\t\t<a href=\"\/nl\/program\/curacao-soccer-academy\/\">\n\t\t\t\t\t\t\t<img width=\"197\" height=\"194\" src=\"https:\/\/fundashonbonintenshon.org\/wp-content\/uploads\/2021\/08\/d289d98454c7492d9d47d83d404d4273.jpg\" class=\"attachment-large size-large\" alt=\"\" loading=\"lazy\" srcset=\"https:\/\/fundashonbonintenshon.org\/wp-content\/uploads\/2021\/08\/d289d98454c7492d9d47d83d404d4273.jpg 197w, https:\/\/fundashonbonintenshon.org\/wp-content\/uploads\/2021\/08\/d289d98454c7492d9d47d83d404d4273-12x12.jpg 12w\" sizes=\"(max-width: 197px) 100vw, 197px\" \/>\t\t\t\t\t\t\t\t<\/a>\n\t\t\t\t\t\t\t\t\t\t\t\t\t\t\t<\/div>\n\t\t\t\t<\/div>\n\t\t\t\t<div class=\"elementor-element elementor-element-7e7d8c5a elementor-widget elementor-widget-image\" data-id=\"7e7d8c5a\" data-element_type=\"widget\" data-widget_type=\"image.default\">\n\t\t\t\t<div class=\"elementor-widget-container\">\n\t\t\t\t\t\t\t\t\t\t\t\t\t\t\t\t<a href=\"\/nl\/program\/curacao-north-sea-jazz-festival\/\">\n\t\t\t\t\t\t\t<img width=\"197\" height=\"194\" src=\"https:\/\/fundashonbonintenshon.org\/wp-content\/uploads\/2021\/08\/8fb1db7413e7463496fc44e6e1e763ac.jpg\" class=\"attachment-large size-large\" alt=\"\" loading=\"lazy\" srcset=\"https:\/\/fundashonbonintenshon.org\/wp-content\/uploads\/2021\/08\/8fb1db7413e7463496fc44e6e1e763ac.jpg 197w, https:\/\/fundashonbonintenshon.org\/wp-content\/uploads\/2021\/08\/8fb1db7413e7463496fc44e6e1e763ac-12x12.jpg 12w\" sizes=\"(max-width: 197px) 100vw, 197px\" \/>\t\t\t\t\t\t\t\t<\/a>\n\t\t\t\t\t\t\t\t\t\t\t\t\t\t\t<\/div>\n\t\t\t\t<\/div>\n\t\t\t\t<div class=\"elementor-element elementor-element-38dc63c5 elementor-widget elementor-widget-image\" data-id=\"38dc63c5\" data-element_type=\"widget\" data-widget_type=\"image.default\">\n\t\t\t\t<div class=\"elementor-widget-container\">\n\t\t\t\t\t\t\t\t\t\t\t\t\t\t\t\t<a href=\"\/nl\/program\/curacao-international-film-festival-rotterdam\/\">\n\t\t\t\t\t\t\t<img width=\"197\" height=\"194\" src=\"https:\/\/fundashonbonintenshon.org\/wp-content\/uploads\/2021\/08\/29a19731bbca432abe79d50099750e16.jpg\" class=\"attachment-large size-large\" alt=\"\" loading=\"lazy\" srcset=\"https:\/\/fundashonbonintenshon.org\/wp-content\/uploads\/2021\/08\/29a19731bbca432abe79d50099750e16.jpg 197w, https:\/\/fundashonbonintenshon.org\/wp-content\/uploads\/2021\/08\/29a19731bbca432abe79d50099750e16-12x12.jpg 12w\" sizes=\"(max-width: 197px) 100vw, 197px\" \/>\t\t\t\t\t\t\t\t<\/a>\n\t\t\t\t\t\t\t\t\t\t\t\t\t\t\t<\/div>\n\t\t\t\t<\/div>\n\t\t\t\t\t<\/div>\n\t\t<\/div>\n\t\t\t\t<div class=\"elementor-column elementor-col-50 elementor-inner-column elementor-element elementor-element-44848c65\" data-id=\"44848c65\" data-element_type=\"column\" data-settings=\"{&quot;background_background&quot;:&quot;classic&quot;}\">\n\t\t\t<div class=\"elementor-widget-wrap elementor-element-populated\">\n\t\t\t\t\t\t\t\t<div class=\"elementor-element elementor-element-72dbb9d0 elementor-widget elementor-widget-heading\" data-id=\"72dbb9d0\" data-element_type=\"widget\" data-widget_type=\"heading.default\">\n\t\t\t\t<div class=\"elementor-widget-container\">\n\t\t\t<style>\/*! elementor - v3.5.4 - 23-01-2022 *\/\n.elementor-heading-title{padding:0;margin:0;line-height:1}.elementor-widget-heading .elementor-heading-title[class*=elementor-size-]>a{color:inherit;font-size:inherit;line-height:inherit}.elementor-widget-heading .elementor-heading-title.elementor-size-small{font-size:15px}.elementor-widget-heading .elementor-heading-title.elementor-size-medium{font-size:19px}.elementor-widget-heading .elementor-heading-title.elementor-size-large{font-size:29px}.elementor-widget-heading .elementor-heading-title.elementor-size-xl{font-size:39px}.elementor-widget-heading .elementor-heading-title.elementor-size-xxl{font-size:59px}<\/style><h2 class=\"elementor-heading-title elementor-size-default\">Welke andere projecten worden ondersteund door Fundashon Bon Intenshon?<\/h2>\t\t<\/div>\n\t\t\t\t<\/div>\n\t\t\t\t<div class=\"elementor-element elementor-element-7227e4fd elementor-widget elementor-widget-text-editor\" data-id=\"7227e4fd\" data-element_type=\"widget\" data-widget_type=\"text-editor.default\">\n\t\t\t\t<div class=\"elementor-widget-container\">\n\t\t\t\t\t\t\t<p class=\" translation-block\">Naast de drie grote projecten, het Cura\u00e7ao North Sea Jazz Festival, Cura\u00e7ao IFFR en de Cura\u00e7ao Soccer Academy, doet de Fundashon nog veel meer. Om u een idee te geven wat de Fundashon allemaal doet, vindt u hieronder slechts een kleine opsomming van de vele lokale en internationale projecten die de laatste 10 jaren mogelijk zijn gemaakt met fondsen en creatieve ondersteuning van Fundashon Bon Intenshon.<\/p><h2>Brazili\u00eb<\/h2><p>Hoofdsponsor van een kinderproject dat geleid wordt door twee Nederlanders in een van de arme buitenwijken van Sao Paolo.<\/p><h2>De Nederlandse Antillen<\/h2><p>Vele projecten van sociaal educatieve aard, op het gebied van onderwijs en armoede bestrijding en ook op muzikaal gebied op de eilanden Cura\u00e7ao, Aruba, Bonaire en St. Maarten.<\/p><p>De Fundashon Bon Intenshon is hoofdsponsor van de voetbalploeg Seru Fortuna. De ploeg is afkomstig uit de armste wijk van Cura\u00e7ao. Door een integrale aanpak van de buurt en het cre\u00ebren van een sportieve infrastructuur die gedragen wordt door de hele buurt is de ploeg voor het tweede achtereenvolgende jaar kampioen van Cura\u00e7ao. Eerder waren zij al kampioen van de (voormalige) Nederlandse Antillen geworden. Door de aanpak en vermindering van de criminaliteit in de buurt is zij dit jaar genomineerd voor het Appeltje van Oranje.\n\nDe stichting is al 22 jaar zeer actief binnen alle eilanden van de voormalige Nederlandse Antillen.<\/p><h2>Nederland<\/h2><p>Sinds 2008 is de Fundashon hoofdsponsor van de eredivisie ploeg NEC uit Nijmegen met de uiting \u201cCura\u00e7ao\u201d op de voorkant van het T-shirt van het hoofd elftal en alle andere elftallen van de vereniging.<\/p><p>Sinds 2010 is de Fundashon ook hoofdsponsor van de honkbal ploeg Sparta \u2013 Feyenoord.<\/p><p>Sinds 2011 een van de 5 hoofdsponsors van het IFFR in Nederland en sinds 2012 hoofd \u2013 en enige sponsor van het Cura\u00e7ao IFFR.<\/p><p>In 2003 was de Fundashon winnaar van de Zilveren Pluim voor haar landelijke campagne gevoerd ten behoeve van Antilliaanse kinderen woonachtig in Nederland. De campagne is toen in alle lokale en regionale bladen breed uitgemeten en positief ontvangen.<\/p><p>Door sponsoring door de Fundashon wordt het een aantal Cura\u00e7aose kinderen uit mindere buurten die niet in aanmerking komen voor een beurs, toch mogelijk gemaakt een studie te volgen in Nederland.<\/p><p>Op sportief gebied ondersteunen we Antilliaanse jongeren die in Nederland moeilijk of helemaal niet in aanmerking komen voor sponsoring voor het beoefenen van hun tak van sport op internationaal niveau.<\/p><h2>Suriname<\/h2><p>De Fundashon is hoofdsponsor van de grootste muziekschool in Paramaribo waarvan de peetvader de heer J\u00f6rgen Raymann is.<\/p><p>Samen met stichting Doen is de Fundashon mede hoofdsponsor van het eerste professionele kindertheater in Paramaribo, dat geleid wordt door Mevr. Helen Kamperveen.<\/p><h2>Verenigde Staten<\/h2><p>De Fundashon financiert de opleiding en volledige begeleiding van enige zeer talentvolle Antilliaanse kinderen afkomstig uit de marginale buurten van Cura\u00e7ao die uitblinken op sportief gebied. Te denken valt hierbij aan tennis en honkbal.<\/p><h2>Zuid-Afrika<\/h2><p>Fundashon Bon Intenshon is een van de twee hoofdsponsors van het kindertheater project \u201cThe Miracle\u201d welk project ge\u00efnitieerd is door de heer Herman Van Veen in de wijk Soweto.<\/p><p>Als grootste donateur heeft de Fundashon de bouw mogelijk gemaakt van twee opvanghuizen in twee buitenwijken van Johannesburg die geleid worden door dr. Hugo Tempelman en zijn eega. Het ene tehuis is voor de opvang van kinderen die ge\u00efnfecteerd zijn met het HIV virus. Het andere tehuis voor dakloze- en weeskinderen.<\/p><p>Een van de hoofdsponsors van het \u201cCantare Children\u2019s Choir\u201d<\/p>\t\t\t\t\t\t<\/div>\n\t\t\t\t<\/div>\n\t\t\t\t\t<\/div>\n\t\t<\/div>\n\t\t\t\t\t\t\t<\/div>\n\t\t<\/section>\n\t\t\t\t\t<\/div>\n\t\t<\/div>\n\t\t\t\t\t\t\t<\/div>\n\t\t<\/section>\n\t\t\t\t\t\t<\/div>\n\t\t\t\t\t<\/div>","protected":false},"excerpt":{"rendered":"<p>Fundashon Bon Intenshon is committed to social betterment on Cura\u00e7ao through (inter)national music, sports, and arts projects with a focus on youth development What other projects are supported by Fundashon Bon Intenshon? For 22 years already, the foundation has been very active on all islands of the (former) Netherlands Antilles. But also in other countries, [&hellip;]<\/p>","protected":false},"author":1,"featured_media":0,"parent":43,"menu_order":0,"comment_status":"closed","ping_status":"closed","template":"elementor_header_footer","meta":[],"_links":{"self":[{"href":"https:\/\/fundashonbonintenshon.org\/nl\/wp-json\/wp\/v2\/pages\/70"}],"collection":[{"href":"https:\/\/fundashonbonintenshon.org\/nl\/wp-json\/wp\/v2\/pages"}],"about":[{"href":"https:\/\/fundashonbonintenshon.org\/nl\/wp-json\/wp\/v2\/types\/page"}],"author":[{"embeddable":true,"href":"https:\/\/fundashonbonintenshon.org\/nl\/wp-json\/wp\/v2\/users\/1"}],"replies":[{"embeddable":true,"href":"https:\/\/fundashonbonintenshon.org\/nl\/wp-json\/wp\/v2\/comments?post=70"}],"version-history":[{"count":5,"href":"https:\/\/fundashonbonintenshon.org\/nl\/wp-json\/wp\/v2\/pages\/70\/revisions"}],"predecessor-version":[{"id":1085,"href":"https:\/\/fundashonbonintenshon.org\/nl\/wp-json\/wp\/v2\/pages\/70\/revisions\/1085"}],"up":[{"embeddable":true,"href":"https:\/\/fundashonbonintenshon.org\/nl\/wp-json\/wp\/v2\/pages\/43"}],"wp:attachment":[{"href":"https:\/\/fundashonbonintenshon.org\/nl\/wp-json\/wp\/v2\/media?parent=70"}],"curies":[{"name":"wp","href":"https:\/\/api.w.org\/{rel}","templated":true}]}}