{"id":69,"date":"2021-08-05T14:35:57","date_gmt":"2021-08-05T14:35:57","guid":{"rendered":"http:\/\/fundashonbonintenshon.local\/?page_id=69"},"modified":"2021-08-16T21:57:28","modified_gmt":"2021-08-16T21:57:28","slug":"curacao-international-film-festival-rotterdam","status":"publish","type":"page","link":"https:\/\/fundashonbonintenshon.org\/nl\/projects\/curacao-international-film-festival-rotterdam\/","title":{"rendered":"Cura\u00e7ao International Film Festival Rotterdam"},"content":{"rendered":"<div data-elementor-type=\"wp-page\" data-elementor-id=\"69\" class=\"elementor elementor-69\" data-elementor-settings=\"[]\">\n\t\t\t\t\t\t\t<div class=\"elementor-section-wrap\">\n\t\t\t\t\t\t\t<section class=\"elementor-section elementor-top-section elementor-element elementor-element-67d58a8c elementor-section-boxed elementor-section-height-default elementor-section-height-default\" data-id=\"67d58a8c\" data-element_type=\"section\" data-settings=\"{&quot;background_background&quot;:&quot;classic&quot;}\">\n\t\t\t\t\t\t<div class=\"elementor-container elementor-column-gap-default\">\n\t\t\t\t\t<div class=\"elementor-column elementor-col-100 elementor-top-column elementor-element elementor-element-7d9fb0e7\" data-id=\"7d9fb0e7\" data-element_type=\"column\" data-settings=\"{&quot;background_background&quot;:&quot;classic&quot;}\">\n\t\t\t<div class=\"elementor-widget-wrap elementor-element-populated\">\n\t\t\t\t\t\t\t\t<section class=\"elementor-section elementor-inner-section elementor-element elementor-element-3768207a elementor-reverse-mobile elementor-section-boxed elementor-section-height-default elementor-section-height-default\" data-id=\"3768207a\" data-element_type=\"section\">\n\t\t\t\t\t\t<div class=\"elementor-container elementor-column-gap-default\">\n\t\t\t\t\t<div class=\"elementor-column elementor-col-50 elementor-inner-column elementor-element elementor-element-e76dd07\" data-id=\"e76dd07\" data-element_type=\"column\" data-settings=\"{&quot;background_background&quot;:&quot;classic&quot;}\">\n\t\t\t<div class=\"elementor-widget-wrap elementor-element-populated\">\n\t\t\t\t\t\t\t\t<div class=\"elementor-element elementor-element-7bc5e2b5 elementor-widget elementor-widget-spacer\" data-id=\"7bc5e2b5\" data-element_type=\"widget\" data-widget_type=\"spacer.default\">\n\t\t\t\t<div class=\"elementor-widget-container\">\n\t\t\t\t\t<div class=\"elementor-spacer\">\n\t\t\t<div class=\"elementor-spacer-inner\"><\/div>\n\t\t<\/div>\n\t\t\t\t<\/div>\n\t\t\t\t<\/div>\n\t\t\t\t<div class=\"elementor-element elementor-element-3fa2d3bf elementor-widget elementor-widget-image\" data-id=\"3fa2d3bf\" data-element_type=\"widget\" data-widget_type=\"image.default\">\n\t\t\t\t<div class=\"elementor-widget-container\">\n\t\t\t<style>\/*! elementor - v3.5.4 - 23-01-2022 *\/\n.elementor-widget-image{text-align:center}.elementor-widget-image a{display:inline-block}.elementor-widget-image a img[src$=\".svg\"]{width:48px}.elementor-widget-image img{vertical-align:middle;display:inline-block}<\/style>\t\t\t\t\t\t\t\t\t\t\t\t<img width=\"35\" height=\"30\" src=\"https:\/\/fundashonbonintenshon.org\/wp-content\/uploads\/2021\/08\/fbinv-1.png\" class=\"attachment-large size-large\" alt=\"\" loading=\"lazy\" srcset=\"https:\/\/fundashonbonintenshon.org\/wp-content\/uploads\/2021\/08\/fbinv-1.png 35w, https:\/\/fundashonbonintenshon.org\/wp-content\/uploads\/2021\/08\/fbinv-1-14x12.png 14w\" sizes=\"(max-width: 35px) 100vw, 35px\" \/>\t\t\t\t\t\t\t\t\t\t\t\t\t\t\t<\/div>\n\t\t\t\t<\/div>\n\t\t\t\t<div class=\"elementor-element elementor-element-34bf359a elementor-widget elementor-widget-text-editor\" data-id=\"34bf359a\" data-element_type=\"widget\" data-widget_type=\"text-editor.default\">\n\t\t\t\t<div class=\"elementor-widget-container\">\n\t\t\t<style>\/*! elementor - v3.5.4 - 23-01-2022 *\/\n.elementor-widget-text-editor.elementor-drop-cap-view-stacked .elementor-drop-cap{background-color:#818a91;color:#fff}.elementor-widget-text-editor.elementor-drop-cap-view-framed .elementor-drop-cap{color:#818a91;border:3px solid;background-color:transparent}.elementor-widget-text-editor:not(.elementor-drop-cap-view-default) .elementor-drop-cap{margin-top:8px}.elementor-widget-text-editor:not(.elementor-drop-cap-view-default) .elementor-drop-cap-letter{width:1em;height:1em}.elementor-widget-text-editor .elementor-drop-cap{float:left;text-align:center;line-height:1;font-size:50px}.elementor-widget-text-editor .elementor-drop-cap-letter{display:inline-block}<\/style>\t\t\t\t<span style=\"color:#0099ff;\">Fundashon Bon Intenshon<\/span>\nzet zich in voor sociale verbetering op Cura\u00e7ao door (inter)nationale muziek, sport en kunst projecten met een focus op de ontwikkeling van de jeugd\t\t\t\t\t\t<\/div>\n\t\t\t\t<\/div>\n\t\t\t\t<div class=\"elementor-element elementor-element-6cd07c1c elementor-widget elementor-widget-image\" data-id=\"6cd07c1c\" data-element_type=\"widget\" data-widget_type=\"image.default\">\n\t\t\t\t<div class=\"elementor-widget-container\">\n\t\t\t\t\t\t\t\t\t\t\t\t\t\t\t<img width=\"35\" height=\"30\" src=\"https:\/\/fundashonbonintenshon.org\/wp-content\/uploads\/2021\/08\/fbinv-1.png\" class=\"attachment-large size-large\" alt=\"\" loading=\"lazy\" srcset=\"https:\/\/fundashonbonintenshon.org\/wp-content\/uploads\/2021\/08\/fbinv-1.png 35w, https:\/\/fundashonbonintenshon.org\/wp-content\/uploads\/2021\/08\/fbinv-1-14x12.png 14w\" sizes=\"(max-width: 35px) 100vw, 35px\" \/>\t\t\t\t\t\t\t\t\t\t\t\t\t\t\t<\/div>\n\t\t\t\t<\/div>\n\t\t\t\t<div class=\"elementor-element elementor-element-21e9a295 elementor-widget elementor-widget-image\" data-id=\"21e9a295\" data-element_type=\"widget\" data-widget_type=\"image.default\">\n\t\t\t\t<div class=\"elementor-widget-container\">\n\t\t\t\t\t\t\t\t\t\t\t\t\t\t\t\t<a href=\"\/nl\/program\/curacao-international-blueseas-festival\/\">\n\t\t\t\t\t\t\t<img width=\"197\" height=\"194\" src=\"https:\/\/fundashonbonintenshon.org\/wp-content\/uploads\/2021\/08\/a87fbe60b715474883942f774e9247b6.jpg\" class=\"attachment-large size-large\" alt=\"\" loading=\"lazy\" srcset=\"https:\/\/fundashonbonintenshon.org\/wp-content\/uploads\/2021\/08\/a87fbe60b715474883942f774e9247b6.jpg 197w, https:\/\/fundashonbonintenshon.org\/wp-content\/uploads\/2021\/08\/a87fbe60b715474883942f774e9247b6-12x12.jpg 12w\" sizes=\"(max-width: 197px) 100vw, 197px\" \/>\t\t\t\t\t\t\t\t<\/a>\n\t\t\t\t\t\t\t\t\t\t\t\t\t\t\t<\/div>\n\t\t\t\t<\/div>\n\t\t\t\t<div class=\"elementor-element elementor-element-23240d0e elementor-widget elementor-widget-image\" data-id=\"23240d0e\" data-element_type=\"widget\" data-widget_type=\"image.default\">\n\t\t\t\t<div class=\"elementor-widget-container\">\n\t\t\t\t\t\t\t\t\t\t\t\t\t\t\t\t<a href=\"\/nl\/program\/curacao-soccer-academy\/\">\n\t\t\t\t\t\t\t<img width=\"197\" height=\"194\" src=\"https:\/\/fundashonbonintenshon.org\/wp-content\/uploads\/2021\/08\/d289d98454c7492d9d47d83d404d4273.jpg\" class=\"attachment-large size-large\" alt=\"\" loading=\"lazy\" srcset=\"https:\/\/fundashonbonintenshon.org\/wp-content\/uploads\/2021\/08\/d289d98454c7492d9d47d83d404d4273.jpg 197w, https:\/\/fundashonbonintenshon.org\/wp-content\/uploads\/2021\/08\/d289d98454c7492d9d47d83d404d4273-12x12.jpg 12w\" sizes=\"(max-width: 197px) 100vw, 197px\" \/>\t\t\t\t\t\t\t\t<\/a>\n\t\t\t\t\t\t\t\t\t\t\t\t\t\t\t<\/div>\n\t\t\t\t<\/div>\n\t\t\t\t<div class=\"elementor-element elementor-element-5ea545d4 elementor-widget elementor-widget-image\" data-id=\"5ea545d4\" data-element_type=\"widget\" data-widget_type=\"image.default\">\n\t\t\t\t<div class=\"elementor-widget-container\">\n\t\t\t\t\t\t\t\t\t\t\t\t\t\t\t\t<a href=\"\/nl\/program\/curacao-north-sea-jazz-festival\/\">\n\t\t\t\t\t\t\t<img width=\"197\" height=\"194\" src=\"https:\/\/fundashonbonintenshon.org\/wp-content\/uploads\/2021\/08\/8fb1db7413e7463496fc44e6e1e763ac.jpg\" class=\"attachment-large size-large\" alt=\"\" loading=\"lazy\" srcset=\"https:\/\/fundashonbonintenshon.org\/wp-content\/uploads\/2021\/08\/8fb1db7413e7463496fc44e6e1e763ac.jpg 197w, https:\/\/fundashonbonintenshon.org\/wp-content\/uploads\/2021\/08\/8fb1db7413e7463496fc44e6e1e763ac-12x12.jpg 12w\" sizes=\"(max-width: 197px) 100vw, 197px\" \/>\t\t\t\t\t\t\t\t<\/a>\n\t\t\t\t\t\t\t\t\t\t\t\t\t\t\t<\/div>\n\t\t\t\t<\/div>\n\t\t\t\t<div class=\"elementor-element elementor-element-4037ecda elementor-widget elementor-widget-image\" data-id=\"4037ecda\" data-element_type=\"widget\" data-widget_type=\"image.default\">\n\t\t\t\t<div class=\"elementor-widget-container\">\n\t\t\t\t\t\t\t\t\t\t\t\t\t\t\t\t<a href=\"\/nl\/program\/curacao-international-film-festival-rotterdam\/\">\n\t\t\t\t\t\t\t<img width=\"197\" height=\"194\" src=\"https:\/\/fundashonbonintenshon.org\/wp-content\/uploads\/2021\/08\/29a19731bbca432abe79d50099750e16.jpg\" class=\"attachment-large size-large\" alt=\"\" loading=\"lazy\" srcset=\"https:\/\/fundashonbonintenshon.org\/wp-content\/uploads\/2021\/08\/29a19731bbca432abe79d50099750e16.jpg 197w, https:\/\/fundashonbonintenshon.org\/wp-content\/uploads\/2021\/08\/29a19731bbca432abe79d50099750e16-12x12.jpg 12w\" sizes=\"(max-width: 197px) 100vw, 197px\" \/>\t\t\t\t\t\t\t\t<\/a>\n\t\t\t\t\t\t\t\t\t\t\t\t\t\t\t<\/div>\n\t\t\t\t<\/div>\n\t\t\t\t\t<\/div>\n\t\t<\/div>\n\t\t\t\t<div class=\"elementor-column elementor-col-50 elementor-inner-column elementor-element elementor-element-71aefa93\" data-id=\"71aefa93\" data-element_type=\"column\" data-settings=\"{&quot;background_background&quot;:&quot;classic&quot;}\">\n\t\t\t<div class=\"elementor-widget-wrap elementor-element-populated\">\n\t\t\t\t\t\t\t\t<div class=\"elementor-element elementor-element-7d26e63 elementor-widget elementor-widget-heading\" data-id=\"7d26e63\" data-element_type=\"widget\" data-widget_type=\"heading.default\">\n\t\t\t\t<div class=\"elementor-widget-container\">\n\t\t\t<style>\/*! elementor - v3.5.4 - 23-01-2022 *\/\n.elementor-heading-title{padding:0;margin:0;line-height:1}.elementor-widget-heading .elementor-heading-title[class*=elementor-size-]>a{color:inherit;font-size:inherit;line-height:inherit}.elementor-widget-heading .elementor-heading-title.elementor-size-small{font-size:15px}.elementor-widget-heading .elementor-heading-title.elementor-size-medium{font-size:19px}.elementor-widget-heading .elementor-heading-title.elementor-size-large{font-size:29px}.elementor-widget-heading .elementor-heading-title.elementor-size-xl{font-size:39px}.elementor-widget-heading .elementor-heading-title.elementor-size-xxl{font-size:59px}<\/style><h2 class=\"elementor-heading-title elementor-size-default\">Cura\u00e7ao International Film Festival Rotterdam<\/h2>\t\t<\/div>\n\t\t\t\t<\/div>\n\t\t\t\t<div class=\"elementor-element elementor-element-325d6e6 elementor-widget elementor-widget-image\" data-id=\"325d6e6\" data-element_type=\"widget\" data-widget_type=\"image.default\">\n\t\t\t\t<div class=\"elementor-widget-container\">\n\t\t\t\t\t\t\t\t\t\t\t\t\t\t\t<img width=\"663\" height=\"363\" src=\"https:\/\/fundashonbonintenshon.org\/wp-content\/uploads\/2021\/08\/Film.jpg\" class=\"attachment-large size-large\" alt=\"\" loading=\"lazy\" srcset=\"https:\/\/fundashonbonintenshon.org\/wp-content\/uploads\/2021\/08\/Film.jpg 663w, https:\/\/fundashonbonintenshon.org\/wp-content\/uploads\/2021\/08\/Film-300x164.jpg 300w, https:\/\/fundashonbonintenshon.org\/wp-content\/uploads\/2021\/08\/Film-18x10.jpg 18w\" sizes=\"(max-width: 663px) 100vw, 663px\" \/>\t\t\t\t\t\t\t\t\t\t\t\t\t\t\t<\/div>\n\t\t\t\t<\/div>\n\t\t\t\t<div class=\"elementor-element elementor-element-72f919f2 elementor-widget elementor-widget-text-editor\" data-id=\"72f919f2\" data-element_type=\"widget\" data-widget_type=\"text-editor.default\">\n\t\t\t\t<div class=\"elementor-widget-container\">\n\t\t\t\t\t\t\t<div class=\"pull-right-desktop col-md-9 col-sm-8 site-wrap\"><div id=\"maincontent\"><div><div class=\"entry-content\"><p>Het Cura\u00e7ao International Film Festival Rotterdam (Cura\u00e7ao IFFR) is een andere aandachttrekker georganiseerd door de Fundashon.<\/p><p>Het Cura\u00e7ao IFFR zorgt met een kwaliteitsselectie van recente onafhankelijke films, documentaires en korte films uit alle werelddelen voor uitbreiding en versterking van het filmaanbod dat te zien is in Willemstad, Cura\u00e7ao. Het filmfestival, een initiatief van Gregory Elias van Fundashon Bon Intenshon, georganiseerd in samenwerking met het International Film Festival Rotterdam, wil filmbezoekers en jonge filmmakers uit de regio inspireren en het cultuuraanbod op het eiland vergroten. Fundashon Bon Intenshon is ook een van de hoofdsponsors van het International Film Festival Rotterdam in Nederland.<\/p><p>De eerste editie van het Cura\u00e7ao IFFR in 2012, dat opende met de Caribische en Latijns-Amerikaanse premiere van de documentaire Marley van regisseur Kevin Macdonald, trok meer dan 7000 lokale en internationale bezoekers en filmmakers, een ongekend aantal in de regio. Activiteiten rondom het vierdaagse festival omvatte verder optredens van lokale jeugdorkesten, een expositie van klassieke camera\u2019s uit een lokale particuliere collectie en de zeer succesvolle \u201cShort Movies, BIG Stories\u201d film competitie voor lokale jongeren dat gepaard ging met diverse workshops op het gebied van film maken, lezingen en schoolvoorstellingen inclusief ondersteunend les materiaal.<\/p><p>In april 2013, vond de tweede editie wederom plaats in het bioscoop complex The Cinemas in Otrobanda, Willemstad en overtrof de eerste editie qua aantal bezoekers, internationale gasten en getoonde films. Naast de succesvolle korte film wedstrijd \u201cShort Movies, BIG Stories\u201d voor de jeugd was een fotografie wedstrijd toegevoegd voor lokale amateur- en beroepsfotografen van alle leeftijden.\n\nHet festival bracht dit keer een buitengewoon interessante tentoonstelling van beeldprojectoren vari\u00ebrend van klassieke toverlantaarns tot de moderne \u2018beamer\u2019 uit de particuliere collectie van wijlen Dr. van Veldhoven, met de titel \u201cMagic Lantern\u201d. In samenwerking met het Nationaal Archief werd een uitgebreide selectie dia\u2019s en foto\u2019s getoond de Cura\u00e7aose fotograaf wijlen Fred Fischer.<\/p><p>Te beginnen met de 2013 editie, heeft Cura\u00e7ao IFFR zijn eigen unieke Yellow Robin Award ge\u00efntroduceerd voor de beste film uit de regio. Voor de Yellow Robin Award die tot doel heeft filmtalent uit de Caribische regio en Latijns-Amerika te stimuleren, werkt Cura\u00e7ao IFFR samen met festivals en filmcommissies in de regio. Meer informatie over afgelopen en komende edities is te vinden op de website.<\/p><p>Het Cura\u00e7ao International Film Festival Rotterdam is zonder twijfel een elegante en verfrissende manier om het cultuuraanbod te versterken en tegelijkertijd internationale interesse en respect op te wekken voor Cura\u00e7ao.<\/p><p><a href=\"http:\/\/www.curacaoiffr.com\/\">www.curacaoiffr.com<\/a><\/p><\/div><div class=\"validation-summary-valid\" data-valmsg-summary=\"true\">\u00a0<\/div><p class=\"clearfix\">\u00a0<\/p><\/div><\/div><\/div><div class=\"pull-left-desktop col-md-3 col-xs-12 text-center\"><div id=\"left_side_panel\">\u00a0<\/div><\/div>\t\t\t\t\t\t<\/div>\n\t\t\t\t<\/div>\n\t\t\t\t\t<\/div>\n\t\t<\/div>\n\t\t\t\t\t\t\t<\/div>\n\t\t<\/section>\n\t\t\t\t\t<\/div>\n\t\t<\/div>\n\t\t\t\t\t\t\t<\/div>\n\t\t<\/section>\n\t\t\t\t\t\t<\/div>\n\t\t\t\t\t<\/div>","protected":false},"excerpt":{"rendered":"<p>Fundashon Bon Intenshon is committed to social betterment on Cura\u00e7ao through (inter)national music, sports, and arts projects with a focus on youth development Cura\u00e7ao International Film Festival Rotterdam The Cura\u00e7ao International Film Festival Rotterdam (Cura\u00e7ao IFFR) is another Fundashon-organized attention grabber. With a high-quality selection of recent independent and innovative films, documentaries and short films [&hellip;]<\/p>","protected":false},"author":1,"featured_media":0,"parent":43,"menu_order":0,"comment_status":"closed","ping_status":"closed","template":"elementor_header_footer","meta":[],"_links":{"self":[{"href":"https:\/\/fundashonbonintenshon.org\/nl\/wp-json\/wp\/v2\/pages\/69"}],"collection":[{"href":"https:\/\/fundashonbonintenshon.org\/nl\/wp-json\/wp\/v2\/pages"}],"about":[{"href":"https:\/\/fundashonbonintenshon.org\/nl\/wp-json\/wp\/v2\/types\/page"}],"author":[{"embeddable":true,"href":"https:\/\/fundashonbonintenshon.org\/nl\/wp-json\/wp\/v2\/users\/1"}],"replies":[{"embeddable":true,"href":"https:\/\/fundashonbonintenshon.org\/nl\/wp-json\/wp\/v2\/comments?post=69"}],"version-history":[{"count":10,"href":"https:\/\/fundashonbonintenshon.org\/nl\/wp-json\/wp\/v2\/pages\/69\/revisions"}],"predecessor-version":[{"id":1251,"href":"https:\/\/fundashonbonintenshon.org\/nl\/wp-json\/wp\/v2\/pages\/69\/revisions\/1251"}],"up":[{"embeddable":true,"href":"https:\/\/fundashonbonintenshon.org\/nl\/wp-json\/wp\/v2\/pages\/43"}],"wp:attachment":[{"href":"https:\/\/fundashonbonintenshon.org\/nl\/wp-json\/wp\/v2\/media?parent=69"}],"curies":[{"name":"wp","href":"https:\/\/api.w.org\/{rel}","templated":true}]}}