{"id":65,"date":"2021-08-05T14:34:23","date_gmt":"2021-08-05T14:34:23","guid":{"rendered":"http:\/\/fundashonbonintenshon.local\/?page_id=65"},"modified":"2021-08-16T21:57:01","modified_gmt":"2021-08-16T21:57:01","slug":"curacao-north-sea-jazz-festival","status":"publish","type":"page","link":"https:\/\/fundashonbonintenshon.org\/nl\/projects\/curacao-north-sea-jazz-festival\/","title":{"rendered":"Cura\u00e7ao North Sea Jazz Festival"},"content":{"rendered":"<div data-elementor-type=\"wp-page\" data-elementor-id=\"65\" class=\"elementor elementor-65\" data-elementor-settings=\"[]\">\n\t\t\t\t\t\t\t<div class=\"elementor-section-wrap\">\n\t\t\t\t\t\t\t<section class=\"elementor-section elementor-top-section elementor-element elementor-element-aaf86b3 elementor-section-boxed elementor-section-height-default elementor-section-height-default\" data-id=\"aaf86b3\" data-element_type=\"section\" data-settings=\"{&quot;background_background&quot;:&quot;classic&quot;}\">\n\t\t\t\t\t\t<div class=\"elementor-container elementor-column-gap-default\">\n\t\t\t\t\t<div class=\"elementor-column elementor-col-100 elementor-top-column elementor-element elementor-element-19b7921b\" data-id=\"19b7921b\" data-element_type=\"column\" data-settings=\"{&quot;background_background&quot;:&quot;classic&quot;}\">\n\t\t\t<div class=\"elementor-widget-wrap elementor-element-populated\">\n\t\t\t\t\t\t\t\t<section class=\"elementor-section elementor-inner-section elementor-element elementor-element-71e920ff elementor-reverse-mobile elementor-section-boxed elementor-section-height-default elementor-section-height-default\" data-id=\"71e920ff\" data-element_type=\"section\">\n\t\t\t\t\t\t<div class=\"elementor-container elementor-column-gap-default\">\n\t\t\t\t\t<div class=\"elementor-column elementor-col-50 elementor-inner-column elementor-element elementor-element-68e641a\" data-id=\"68e641a\" data-element_type=\"column\" data-settings=\"{&quot;background_background&quot;:&quot;classic&quot;}\">\n\t\t\t<div class=\"elementor-widget-wrap elementor-element-populated\">\n\t\t\t\t\t\t\t\t<div class=\"elementor-element elementor-element-163546f5 elementor-widget elementor-widget-spacer\" data-id=\"163546f5\" data-element_type=\"widget\" data-widget_type=\"spacer.default\">\n\t\t\t\t<div class=\"elementor-widget-container\">\n\t\t\t\t\t<div class=\"elementor-spacer\">\n\t\t\t<div class=\"elementor-spacer-inner\"><\/div>\n\t\t<\/div>\n\t\t\t\t<\/div>\n\t\t\t\t<\/div>\n\t\t\t\t<div class=\"elementor-element elementor-element-714a4b6a elementor-widget elementor-widget-image\" data-id=\"714a4b6a\" data-element_type=\"widget\" data-widget_type=\"image.default\">\n\t\t\t\t<div class=\"elementor-widget-container\">\n\t\t\t<style>\/*! elementor - v3.5.4 - 23-01-2022 *\/\n.elementor-widget-image{text-align:center}.elementor-widget-image a{display:inline-block}.elementor-widget-image a img[src$=\".svg\"]{width:48px}.elementor-widget-image img{vertical-align:middle;display:inline-block}<\/style>\t\t\t\t\t\t\t\t\t\t\t\t<img width=\"35\" height=\"30\" src=\"https:\/\/fundashonbonintenshon.org\/wp-content\/uploads\/2021\/08\/fbinv-1.png\" class=\"attachment-large size-large\" alt=\"\" loading=\"lazy\" srcset=\"https:\/\/fundashonbonintenshon.org\/wp-content\/uploads\/2021\/08\/fbinv-1.png 35w, https:\/\/fundashonbonintenshon.org\/wp-content\/uploads\/2021\/08\/fbinv-1-14x12.png 14w\" sizes=\"(max-width: 35px) 100vw, 35px\" \/>\t\t\t\t\t\t\t\t\t\t\t\t\t\t\t<\/div>\n\t\t\t\t<\/div>\n\t\t\t\t<div class=\"elementor-element elementor-element-46c27c0 elementor-widget elementor-widget-text-editor\" data-id=\"46c27c0\" data-element_type=\"widget\" data-widget_type=\"text-editor.default\">\n\t\t\t\t<div class=\"elementor-widget-container\">\n\t\t\t<style>\/*! elementor - v3.5.4 - 23-01-2022 *\/\n.elementor-widget-text-editor.elementor-drop-cap-view-stacked .elementor-drop-cap{background-color:#818a91;color:#fff}.elementor-widget-text-editor.elementor-drop-cap-view-framed .elementor-drop-cap{color:#818a91;border:3px solid;background-color:transparent}.elementor-widget-text-editor:not(.elementor-drop-cap-view-default) .elementor-drop-cap{margin-top:8px}.elementor-widget-text-editor:not(.elementor-drop-cap-view-default) .elementor-drop-cap-letter{width:1em;height:1em}.elementor-widget-text-editor .elementor-drop-cap{float:left;text-align:center;line-height:1;font-size:50px}.elementor-widget-text-editor .elementor-drop-cap-letter{display:inline-block}<\/style>\t\t\t\t<span style=\"color:#0099ff;\">Fundashon Bon Intenshon<\/span>\nzet zich in voor sociale verbetering op Cura\u00e7ao door (inter)nationale muziek, sport en kunst projecten met een focus op de ontwikkeling van de jeugd\t\t\t\t\t\t<\/div>\n\t\t\t\t<\/div>\n\t\t\t\t<div class=\"elementor-element elementor-element-711d2c38 elementor-widget elementor-widget-image\" data-id=\"711d2c38\" data-element_type=\"widget\" data-widget_type=\"image.default\">\n\t\t\t\t<div class=\"elementor-widget-container\">\n\t\t\t\t\t\t\t\t\t\t\t\t\t\t\t<img width=\"35\" height=\"30\" src=\"https:\/\/fundashonbonintenshon.org\/wp-content\/uploads\/2021\/08\/fbinv-1.png\" class=\"attachment-large size-large\" alt=\"\" loading=\"lazy\" srcset=\"https:\/\/fundashonbonintenshon.org\/wp-content\/uploads\/2021\/08\/fbinv-1.png 35w, https:\/\/fundashonbonintenshon.org\/wp-content\/uploads\/2021\/08\/fbinv-1-14x12.png 14w\" sizes=\"(max-width: 35px) 100vw, 35px\" \/>\t\t\t\t\t\t\t\t\t\t\t\t\t\t\t<\/div>\n\t\t\t\t<\/div>\n\t\t\t\t<div class=\"elementor-element elementor-element-633d17cd elementor-widget elementor-widget-image\" data-id=\"633d17cd\" data-element_type=\"widget\" data-widget_type=\"image.default\">\n\t\t\t\t<div class=\"elementor-widget-container\">\n\t\t\t\t\t\t\t\t\t\t\t\t\t\t\t\t<a href=\"\/nl\/program\/curacao-international-blueseas-festival\/\">\n\t\t\t\t\t\t\t<img width=\"197\" height=\"194\" src=\"https:\/\/fundashonbonintenshon.org\/wp-content\/uploads\/2021\/08\/a87fbe60b715474883942f774e9247b6.jpg\" class=\"attachment-large size-large\" alt=\"\" loading=\"lazy\" srcset=\"https:\/\/fundashonbonintenshon.org\/wp-content\/uploads\/2021\/08\/a87fbe60b715474883942f774e9247b6.jpg 197w, https:\/\/fundashonbonintenshon.org\/wp-content\/uploads\/2021\/08\/a87fbe60b715474883942f774e9247b6-12x12.jpg 12w\" sizes=\"(max-width: 197px) 100vw, 197px\" \/>\t\t\t\t\t\t\t\t<\/a>\n\t\t\t\t\t\t\t\t\t\t\t\t\t\t\t<\/div>\n\t\t\t\t<\/div>\n\t\t\t\t<div class=\"elementor-element elementor-element-4c8e44cb elementor-widget elementor-widget-image\" data-id=\"4c8e44cb\" data-element_type=\"widget\" data-widget_type=\"image.default\">\n\t\t\t\t<div class=\"elementor-widget-container\">\n\t\t\t\t\t\t\t\t\t\t\t\t\t\t\t\t<a href=\"\/nl\/program\/curacao-soccer-academy\/\">\n\t\t\t\t\t\t\t<img width=\"197\" height=\"194\" src=\"https:\/\/fundashonbonintenshon.org\/wp-content\/uploads\/2021\/08\/d289d98454c7492d9d47d83d404d4273.jpg\" class=\"attachment-large size-large\" alt=\"\" loading=\"lazy\" srcset=\"https:\/\/fundashonbonintenshon.org\/wp-content\/uploads\/2021\/08\/d289d98454c7492d9d47d83d404d4273.jpg 197w, https:\/\/fundashonbonintenshon.org\/wp-content\/uploads\/2021\/08\/d289d98454c7492d9d47d83d404d4273-12x12.jpg 12w\" sizes=\"(max-width: 197px) 100vw, 197px\" \/>\t\t\t\t\t\t\t\t<\/a>\n\t\t\t\t\t\t\t\t\t\t\t\t\t\t\t<\/div>\n\t\t\t\t<\/div>\n\t\t\t\t<div class=\"elementor-element elementor-element-1d9273cc elementor-widget elementor-widget-image\" data-id=\"1d9273cc\" data-element_type=\"widget\" data-widget_type=\"image.default\">\n\t\t\t\t<div class=\"elementor-widget-container\">\n\t\t\t\t\t\t\t\t\t\t\t\t\t\t\t\t<a href=\"\/nl\/program\/curacao-north-sea-jazz-festival\/\">\n\t\t\t\t\t\t\t<img width=\"197\" height=\"194\" src=\"https:\/\/fundashonbonintenshon.org\/wp-content\/uploads\/2021\/08\/8fb1db7413e7463496fc44e6e1e763ac.jpg\" class=\"attachment-large size-large\" alt=\"\" loading=\"lazy\" srcset=\"https:\/\/fundashonbonintenshon.org\/wp-content\/uploads\/2021\/08\/8fb1db7413e7463496fc44e6e1e763ac.jpg 197w, https:\/\/fundashonbonintenshon.org\/wp-content\/uploads\/2021\/08\/8fb1db7413e7463496fc44e6e1e763ac-12x12.jpg 12w\" sizes=\"(max-width: 197px) 100vw, 197px\" \/>\t\t\t\t\t\t\t\t<\/a>\n\t\t\t\t\t\t\t\t\t\t\t\t\t\t\t<\/div>\n\t\t\t\t<\/div>\n\t\t\t\t<div class=\"elementor-element elementor-element-5eaf6e elementor-widget elementor-widget-image\" data-id=\"5eaf6e\" data-element_type=\"widget\" data-widget_type=\"image.default\">\n\t\t\t\t<div class=\"elementor-widget-container\">\n\t\t\t\t\t\t\t\t\t\t\t\t\t\t\t\t<a href=\"\/nl\/program\/curacao-international-film-festival-rotterdam\/\">\n\t\t\t\t\t\t\t<img width=\"197\" height=\"194\" src=\"https:\/\/fundashonbonintenshon.org\/wp-content\/uploads\/2021\/08\/29a19731bbca432abe79d50099750e16.jpg\" class=\"attachment-large size-large\" alt=\"\" loading=\"lazy\" srcset=\"https:\/\/fundashonbonintenshon.org\/wp-content\/uploads\/2021\/08\/29a19731bbca432abe79d50099750e16.jpg 197w, https:\/\/fundashonbonintenshon.org\/wp-content\/uploads\/2021\/08\/29a19731bbca432abe79d50099750e16-12x12.jpg 12w\" sizes=\"(max-width: 197px) 100vw, 197px\" \/>\t\t\t\t\t\t\t\t<\/a>\n\t\t\t\t\t\t\t\t\t\t\t\t\t\t\t<\/div>\n\t\t\t\t<\/div>\n\t\t\t\t\t<\/div>\n\t\t<\/div>\n\t\t\t\t<div class=\"elementor-column elementor-col-50 elementor-inner-column elementor-element elementor-element-3b30c931\" data-id=\"3b30c931\" data-element_type=\"column\" data-settings=\"{&quot;background_background&quot;:&quot;classic&quot;}\">\n\t\t\t<div class=\"elementor-widget-wrap elementor-element-populated\">\n\t\t\t\t\t\t\t\t<div class=\"elementor-element elementor-element-5750bb3b elementor-widget elementor-widget-heading\" data-id=\"5750bb3b\" data-element_type=\"widget\" data-widget_type=\"heading.default\">\n\t\t\t\t<div class=\"elementor-widget-container\">\n\t\t\t<style>\/*! elementor - v3.5.4 - 23-01-2022 *\/\n.elementor-heading-title{padding:0;margin:0;line-height:1}.elementor-widget-heading .elementor-heading-title[class*=elementor-size-]>a{color:inherit;font-size:inherit;line-height:inherit}.elementor-widget-heading .elementor-heading-title.elementor-size-small{font-size:15px}.elementor-widget-heading .elementor-heading-title.elementor-size-medium{font-size:19px}.elementor-widget-heading .elementor-heading-title.elementor-size-large{font-size:29px}.elementor-widget-heading .elementor-heading-title.elementor-size-xl{font-size:39px}.elementor-widget-heading .elementor-heading-title.elementor-size-xxl{font-size:59px}<\/style><h2 class=\"elementor-heading-title elementor-size-default\">Cura\u00e7ao North Sea Jazz Festival<\/h2>\t\t<\/div>\n\t\t\t\t<\/div>\n\t\t\t\t<div class=\"elementor-element elementor-element-70089ae elementor-widget elementor-widget-image\" data-id=\"70089ae\" data-element_type=\"widget\" data-widget_type=\"image.default\">\n\t\t\t\t<div class=\"elementor-widget-container\">\n\t\t\t\t\t\t\t\t\t\t\t\t\t\t\t<img width=\"640\" height=\"428\" src=\"https:\/\/fundashonbonintenshon.org\/wp-content\/uploads\/2021\/08\/North-sea-jazz.jpg\" class=\"attachment-large size-large\" alt=\"\" loading=\"lazy\" srcset=\"https:\/\/fundashonbonintenshon.org\/wp-content\/uploads\/2021\/08\/North-sea-jazz.jpg 640w, https:\/\/fundashonbonintenshon.org\/wp-content\/uploads\/2021\/08\/North-sea-jazz-300x201.jpg 300w, https:\/\/fundashonbonintenshon.org\/wp-content\/uploads\/2021\/08\/North-sea-jazz-18x12.jpg 18w\" sizes=\"(max-width: 640px) 100vw, 640px\" \/>\t\t\t\t\t\t\t\t\t\t\t\t\t\t\t<\/div>\n\t\t\t\t<\/div>\n\t\t\t\t<div class=\"elementor-element elementor-element-7fca7a0a elementor-widget elementor-widget-text-editor\" data-id=\"7fca7a0a\" data-element_type=\"widget\" data-widget_type=\"text-editor.default\">\n\t\t\t\t<div class=\"elementor-widget-container\">\n\t\t\t\t\t\t\t<p>Cura\u00e7ao North Sea Jazz festival (CNSJ) is een van meest opwindende programma\u2019s die gesponsord worden door de Fundashon dat perfect aansluit bij haar doelstellingen. Het internationale niveau van het festival en haar top artiesten trekken jaarlijks tienduizenden bezoekers naar het eiland.<\/p><h2>Grote namen<\/h2><p>In 2010, verzorgde salsa legende Alberto Barros de aftrap voor de allereerste editie van het Cura\u00e7ao North Sea Jazz met een gratis concert op het Brionplein in Otrobanda, Willemstad en de rest is (recente) geschiedenis. In de daaropvolgende week naar het festival weekend van 3 en 4 september 2010, stond Willemstad in het teken van muziek om uiteindelijk een hoogtepunt te bereiken in een muzikale explosie in en rondom het World Trade Center complex te Piscadera Bay. De respons was overweldigend. Twee avonden langen verrasten artiesten als John Legend, Simply Red, Lionel Richie, Raul Midon, Natalie Cole, Roy Hargrove &amp; El Negro en George Benson om er maar een paar te noemen, de menigte.<\/p><p>Uiteraard waren de verwachtingen voor de tweede editie hooggespannen. Maar niemand werd teleurgesteld. Integendeel, op vrijdag 2 september 2011 waren o.a. Sting, Earth Wind &amp; Fire, Chic met Nile Rodgers en lokaal talent Levi Silvanie aan de beurt. En alsof dat nog niet voldoende was, deed de muziek van Juan Luis Guerra, Ruben Blades and Stevie Wonder en vele anderen de grond schudden door de dansende menigte om een muziekvolle week af te sluiten dat begonnen was met een gratis concert op het Brionplein, dit keer verzorgd door Los Van Van.<\/p><p>Met de komst van de derde editie in 2012, met headliners als gitaar legende Santana, Alicia Keys, Jill Scott, Sergio George\u2019 All Star Salsa Friends, Caro Emerald en Dizzy Gillespie All-Star Big Band onder leiding van Paquito D\u2019Rivera, was het duidelijk dat het Cura\u00e7ao NSJ uitgegroeid was tot een volwassen evenement; bekend, gerespecteerd en geliefd niet alleen op Cura\u00e7ao maar in het international festival circuit, bij bookers en artiesten zelf.<\/p><h2>Impact<\/h2><p>Een team van onderzoekers van het Dick Pope Sr. Institute for Tourism Studies van de Rosen College of Hospitality Management aan de Universiteit van Central Florida voerde een economische impact studie uit en beoordeelde de bezoekers tevredenheid over het festival. Het onderzoek toonde aan dat het festival een spectaculair succes is geweest voor het eiland, veel bezoekers heeft aangetrokken tijdens de twee dagen van het festival en het bestemmingsbeeld heeft verbeterd. Het festival heeft een aanzienlijke promotie voor Cura\u00e7ao opgeleverd, het imago van Cura\u00e7ao is positiever en sterker geworden, en de economische impact van het festival was gedenkwaardig. Gedurende de drie afgelopen jaarlijkse festivals, heeft Cura\u00e7ao North Sea Jazz Festival 12,542 toeristen aangetrokken, bijna US$ 22 miljoen gegenereerd in directe uitgaven als gevolg van het festival, en had een totale bijdrage van bijna US$ 40 miljoen aan de Cura\u00e7aose economie.<\/p><h2>Vriendelijke gastvrijheid<\/h2><p>De bezoekers komen echter niet alleen om van het festival te genieten maar ook om de vriendelijke gastvrijheid van Cura\u00e7ao te ervaren dat, gezien het feit dat artiesten tijdens het laatste festival spontaan bij elkaar op het podium kwamen, blijkbaar aanstekelijk is. Het festival is weer een andere manier waarop Cura\u00e7ao, in haar aspecten, onder de aandacht wordt gebracht van internationale muziek liefhebbers. De positieve sfeer wordt goed ontvangen bij zowel artiesten als fans. Net zoals Fundashon Bon Intenshon jaar na jaar hechte vriendschappen heeft gesmeed in haar samenwerking met concert organisator Mojo Concerts, kan er geen twijfel over bestaan dat een ieder die kiest voor een bezoek tijdens Cura\u00e7ao North Sea Jazz festival een schat aan entertainment alsook vriendschap zal vinden.<\/p><p><a href=\"http:\/\/www.curacaonorthseajazz.com\/\" target=\"_blank\" rel=\"noopener\">http:\/\/www.curacaonorthseajazz.com<\/a><\/p>\t\t\t\t\t\t<\/div>\n\t\t\t\t<\/div>\n\t\t\t\t\t<\/div>\n\t\t<\/div>\n\t\t\t\t\t\t\t<\/div>\n\t\t<\/section>\n\t\t\t\t\t<\/div>\n\t\t<\/div>\n\t\t\t\t\t\t\t<\/div>\n\t\t<\/section>\n\t\t\t\t\t\t<\/div>\n\t\t\t\t\t<\/div>","protected":false},"excerpt":{"rendered":"<p>Fundashon Bon Intenshon is committed to social betterment on Cura\u00e7ao through (inter)national music, sports, and arts projects with a focus on youth development Cura\u00e7ao North Sea Jazz Festival Cura\u00e7ao North Sea Jazz festival (CNSJ) is one of the most exciting programs sponsored by the Fundashon that ties in perfectly with its objectives. The international level [&hellip;]<\/p>","protected":false},"author":1,"featured_media":0,"parent":43,"menu_order":0,"comment_status":"closed","ping_status":"closed","template":"elementor_header_footer","meta":[],"_links":{"self":[{"href":"https:\/\/fundashonbonintenshon.org\/nl\/wp-json\/wp\/v2\/pages\/65"}],"collection":[{"href":"https:\/\/fundashonbonintenshon.org\/nl\/wp-json\/wp\/v2\/pages"}],"about":[{"href":"https:\/\/fundashonbonintenshon.org\/nl\/wp-json\/wp\/v2\/types\/page"}],"author":[{"embeddable":true,"href":"https:\/\/fundashonbonintenshon.org\/nl\/wp-json\/wp\/v2\/users\/1"}],"replies":[{"embeddable":true,"href":"https:\/\/fundashonbonintenshon.org\/nl\/wp-json\/wp\/v2\/comments?post=65"}],"version-history":[{"count":10,"href":"https:\/\/fundashonbonintenshon.org\/nl\/wp-json\/wp\/v2\/pages\/65\/revisions"}],"predecessor-version":[{"id":1247,"href":"https:\/\/fundashonbonintenshon.org\/nl\/wp-json\/wp\/v2\/pages\/65\/revisions\/1247"}],"up":[{"embeddable":true,"href":"https:\/\/fundashonbonintenshon.org\/nl\/wp-json\/wp\/v2\/pages\/43"}],"wp:attachment":[{"href":"https:\/\/fundashonbonintenshon.org\/nl\/wp-json\/wp\/v2\/media?parent=65"}],"curies":[{"name":"wp","href":"https:\/\/api.w.org\/{rel}","templated":true}]}}