{"id":61,"date":"2021-08-05T14:31:37","date_gmt":"2021-08-05T14:31:37","guid":{"rendered":"http:\/\/fundashonbonintenshon.local\/?page_id=61"},"modified":"2021-08-16T21:53:57","modified_gmt":"2021-08-16T21:53:57","slug":"festival-di-pueblo","status":"publish","type":"page","link":"https:\/\/fundashonbonintenshon.org\/nl\/projects\/festival-di-pueblo\/","title":{"rendered":"Festival-di-Pueblo"},"content":{"rendered":"<div data-elementor-type=\"wp-page\" data-elementor-id=\"61\" class=\"elementor elementor-61\" data-elementor-settings=\"[]\">\n\t\t\t\t\t\t\t<div class=\"elementor-section-wrap\">\n\t\t\t\t\t\t\t<section class=\"elementor-section elementor-top-section elementor-element elementor-element-38b5c17f elementor-section-boxed elementor-section-height-default elementor-section-height-default\" data-id=\"38b5c17f\" data-element_type=\"section\" data-settings=\"{&quot;background_background&quot;:&quot;classic&quot;}\">\n\t\t\t\t\t\t<div class=\"elementor-container elementor-column-gap-default\">\n\t\t\t\t\t<div class=\"elementor-column elementor-col-100 elementor-top-column elementor-element elementor-element-4746bd3d\" data-id=\"4746bd3d\" data-element_type=\"column\" data-settings=\"{&quot;background_background&quot;:&quot;classic&quot;}\">\n\t\t\t<div class=\"elementor-widget-wrap elementor-element-populated\">\n\t\t\t\t\t\t\t\t<section class=\"elementor-section elementor-inner-section elementor-element elementor-element-c0d470c elementor-reverse-mobile elementor-section-boxed elementor-section-height-default elementor-section-height-default\" data-id=\"c0d470c\" data-element_type=\"section\">\n\t\t\t\t\t\t<div class=\"elementor-container elementor-column-gap-default\">\n\t\t\t\t\t<div class=\"elementor-column elementor-col-50 elementor-inner-column elementor-element elementor-element-954c842\" data-id=\"954c842\" data-element_type=\"column\" data-settings=\"{&quot;background_background&quot;:&quot;classic&quot;}\">\n\t\t\t<div class=\"elementor-widget-wrap elementor-element-populated\">\n\t\t\t\t\t\t\t\t<div class=\"elementor-element elementor-element-48520be4 elementor-widget elementor-widget-spacer\" data-id=\"48520be4\" data-element_type=\"widget\" data-widget_type=\"spacer.default\">\n\t\t\t\t<div class=\"elementor-widget-container\">\n\t\t\t\t\t<div class=\"elementor-spacer\">\n\t\t\t<div class=\"elementor-spacer-inner\"><\/div>\n\t\t<\/div>\n\t\t\t\t<\/div>\n\t\t\t\t<\/div>\n\t\t\t\t<div class=\"elementor-element elementor-element-616f43c4 elementor-widget elementor-widget-image\" data-id=\"616f43c4\" data-element_type=\"widget\" data-widget_type=\"image.default\">\n\t\t\t\t<div class=\"elementor-widget-container\">\n\t\t\t<style>\/*! elementor - v3.5.4 - 23-01-2022 *\/\n.elementor-widget-image{text-align:center}.elementor-widget-image a{display:inline-block}.elementor-widget-image a img[src$=\".svg\"]{width:48px}.elementor-widget-image img{vertical-align:middle;display:inline-block}<\/style>\t\t\t\t\t\t\t\t\t\t\t\t<img width=\"35\" height=\"30\" src=\"https:\/\/fundashonbonintenshon.org\/wp-content\/uploads\/2021\/08\/fbinv-1.png\" class=\"attachment-large size-large\" alt=\"\" loading=\"lazy\" srcset=\"https:\/\/fundashonbonintenshon.org\/wp-content\/uploads\/2021\/08\/fbinv-1.png 35w, https:\/\/fundashonbonintenshon.org\/wp-content\/uploads\/2021\/08\/fbinv-1-14x12.png 14w\" sizes=\"(max-width: 35px) 100vw, 35px\" \/>\t\t\t\t\t\t\t\t\t\t\t\t\t\t\t<\/div>\n\t\t\t\t<\/div>\n\t\t\t\t<div class=\"elementor-element elementor-element-4a5897a1 elementor-widget elementor-widget-text-editor\" data-id=\"4a5897a1\" data-element_type=\"widget\" data-widget_type=\"text-editor.default\">\n\t\t\t\t<div class=\"elementor-widget-container\">\n\t\t\t<style>\/*! elementor - v3.5.4 - 23-01-2022 *\/\n.elementor-widget-text-editor.elementor-drop-cap-view-stacked .elementor-drop-cap{background-color:#818a91;color:#fff}.elementor-widget-text-editor.elementor-drop-cap-view-framed .elementor-drop-cap{color:#818a91;border:3px solid;background-color:transparent}.elementor-widget-text-editor:not(.elementor-drop-cap-view-default) .elementor-drop-cap{margin-top:8px}.elementor-widget-text-editor:not(.elementor-drop-cap-view-default) .elementor-drop-cap-letter{width:1em;height:1em}.elementor-widget-text-editor .elementor-drop-cap{float:left;text-align:center;line-height:1;font-size:50px}.elementor-widget-text-editor .elementor-drop-cap-letter{display:inline-block}<\/style>\t\t\t\t<span style=\"color:#0099ff;\">Fundashon Bon Intenshon<\/span>\nzet zich in voor sociale verbetering op Cura\u00e7ao door (inter)nationale muziek, sport en kunst projecten met een focus op de ontwikkeling van de jeugd\t\t\t\t\t\t<\/div>\n\t\t\t\t<\/div>\n\t\t\t\t<div class=\"elementor-element elementor-element-5628ffc7 elementor-widget elementor-widget-image\" data-id=\"5628ffc7\" data-element_type=\"widget\" data-widget_type=\"image.default\">\n\t\t\t\t<div class=\"elementor-widget-container\">\n\t\t\t\t\t\t\t\t\t\t\t\t\t\t\t<img width=\"35\" height=\"30\" src=\"https:\/\/fundashonbonintenshon.org\/wp-content\/uploads\/2021\/08\/fbinv-1.png\" class=\"attachment-large size-large\" alt=\"\" loading=\"lazy\" srcset=\"https:\/\/fundashonbonintenshon.org\/wp-content\/uploads\/2021\/08\/fbinv-1.png 35w, https:\/\/fundashonbonintenshon.org\/wp-content\/uploads\/2021\/08\/fbinv-1-14x12.png 14w\" sizes=\"(max-width: 35px) 100vw, 35px\" \/>\t\t\t\t\t\t\t\t\t\t\t\t\t\t\t<\/div>\n\t\t\t\t<\/div>\n\t\t\t\t<div class=\"elementor-element elementor-element-7f491a29 elementor-widget elementor-widget-image\" data-id=\"7f491a29\" data-element_type=\"widget\" data-widget_type=\"image.default\">\n\t\t\t\t<div class=\"elementor-widget-container\">\n\t\t\t\t\t\t\t\t\t\t\t\t\t\t\t\t<a href=\"\/nl\/program\/curacao-international-blueseas-festival\/\">\n\t\t\t\t\t\t\t<img width=\"197\" height=\"194\" src=\"https:\/\/fundashonbonintenshon.org\/wp-content\/uploads\/2021\/08\/a87fbe60b715474883942f774e9247b6.jpg\" class=\"attachment-large size-large\" alt=\"\" loading=\"lazy\" srcset=\"https:\/\/fundashonbonintenshon.org\/wp-content\/uploads\/2021\/08\/a87fbe60b715474883942f774e9247b6.jpg 197w, https:\/\/fundashonbonintenshon.org\/wp-content\/uploads\/2021\/08\/a87fbe60b715474883942f774e9247b6-12x12.jpg 12w\" sizes=\"(max-width: 197px) 100vw, 197px\" \/>\t\t\t\t\t\t\t\t<\/a>\n\t\t\t\t\t\t\t\t\t\t\t\t\t\t\t<\/div>\n\t\t\t\t<\/div>\n\t\t\t\t<div class=\"elementor-element elementor-element-7245c693 elementor-widget elementor-widget-image\" data-id=\"7245c693\" data-element_type=\"widget\" data-widget_type=\"image.default\">\n\t\t\t\t<div class=\"elementor-widget-container\">\n\t\t\t\t\t\t\t\t\t\t\t\t\t\t\t\t<a href=\"\/nl\/program\/curacao-soccer-academy\/\">\n\t\t\t\t\t\t\t<img width=\"197\" height=\"194\" src=\"https:\/\/fundashonbonintenshon.org\/wp-content\/uploads\/2021\/08\/d289d98454c7492d9d47d83d404d4273.jpg\" class=\"attachment-large size-large\" alt=\"\" loading=\"lazy\" srcset=\"https:\/\/fundashonbonintenshon.org\/wp-content\/uploads\/2021\/08\/d289d98454c7492d9d47d83d404d4273.jpg 197w, https:\/\/fundashonbonintenshon.org\/wp-content\/uploads\/2021\/08\/d289d98454c7492d9d47d83d404d4273-12x12.jpg 12w\" sizes=\"(max-width: 197px) 100vw, 197px\" \/>\t\t\t\t\t\t\t\t<\/a>\n\t\t\t\t\t\t\t\t\t\t\t\t\t\t\t<\/div>\n\t\t\t\t<\/div>\n\t\t\t\t<div class=\"elementor-element elementor-element-7fe161b4 elementor-widget elementor-widget-image\" data-id=\"7fe161b4\" data-element_type=\"widget\" data-widget_type=\"image.default\">\n\t\t\t\t<div class=\"elementor-widget-container\">\n\t\t\t\t\t\t\t\t\t\t\t\t\t\t\t\t<a href=\"\/nl\/program\/curacao-north-sea-jazz-festival\/\">\n\t\t\t\t\t\t\t<img width=\"197\" height=\"194\" src=\"https:\/\/fundashonbonintenshon.org\/wp-content\/uploads\/2021\/08\/8fb1db7413e7463496fc44e6e1e763ac.jpg\" class=\"attachment-large size-large\" alt=\"\" loading=\"lazy\" srcset=\"https:\/\/fundashonbonintenshon.org\/wp-content\/uploads\/2021\/08\/8fb1db7413e7463496fc44e6e1e763ac.jpg 197w, https:\/\/fundashonbonintenshon.org\/wp-content\/uploads\/2021\/08\/8fb1db7413e7463496fc44e6e1e763ac-12x12.jpg 12w\" sizes=\"(max-width: 197px) 100vw, 197px\" \/>\t\t\t\t\t\t\t\t<\/a>\n\t\t\t\t\t\t\t\t\t\t\t\t\t\t\t<\/div>\n\t\t\t\t<\/div>\n\t\t\t\t<div class=\"elementor-element elementor-element-4ebff0df elementor-widget elementor-widget-image\" data-id=\"4ebff0df\" data-element_type=\"widget\" data-widget_type=\"image.default\">\n\t\t\t\t<div class=\"elementor-widget-container\">\n\t\t\t\t\t\t\t\t\t\t\t\t\t\t\t\t<a href=\"\/nl\/program\/curacao-international-film-festival-rotterdam\/\">\n\t\t\t\t\t\t\t<img width=\"197\" height=\"194\" src=\"https:\/\/fundashonbonintenshon.org\/wp-content\/uploads\/2021\/08\/29a19731bbca432abe79d50099750e16.jpg\" class=\"attachment-large size-large\" alt=\"\" loading=\"lazy\" srcset=\"https:\/\/fundashonbonintenshon.org\/wp-content\/uploads\/2021\/08\/29a19731bbca432abe79d50099750e16.jpg 197w, https:\/\/fundashonbonintenshon.org\/wp-content\/uploads\/2021\/08\/29a19731bbca432abe79d50099750e16-12x12.jpg 12w\" sizes=\"(max-width: 197px) 100vw, 197px\" \/>\t\t\t\t\t\t\t\t<\/a>\n\t\t\t\t\t\t\t\t\t\t\t\t\t\t\t<\/div>\n\t\t\t\t<\/div>\n\t\t\t\t\t<\/div>\n\t\t<\/div>\n\t\t\t\t<div class=\"elementor-column elementor-col-50 elementor-inner-column elementor-element elementor-element-347bdea2\" data-id=\"347bdea2\" data-element_type=\"column\" data-settings=\"{&quot;background_background&quot;:&quot;classic&quot;}\">\n\t\t\t<div class=\"elementor-widget-wrap elementor-element-populated\">\n\t\t\t\t\t\t\t\t<div class=\"elementor-element elementor-element-12a6c663 elementor-widget elementor-widget-heading\" data-id=\"12a6c663\" data-element_type=\"widget\" data-widget_type=\"heading.default\">\n\t\t\t\t<div class=\"elementor-widget-container\">\n\t\t\t<style>\/*! elementor - v3.5.4 - 23-01-2022 *\/\n.elementor-heading-title{padding:0;margin:0;line-height:1}.elementor-widget-heading .elementor-heading-title[class*=elementor-size-]>a{color:inherit;font-size:inherit;line-height:inherit}.elementor-widget-heading .elementor-heading-title.elementor-size-small{font-size:15px}.elementor-widget-heading .elementor-heading-title.elementor-size-medium{font-size:19px}.elementor-widget-heading .elementor-heading-title.elementor-size-large{font-size:29px}.elementor-widget-heading .elementor-heading-title.elementor-size-xl{font-size:39px}.elementor-widget-heading .elementor-heading-title.elementor-size-xxl{font-size:59px}<\/style><h2 class=\"elementor-heading-title elementor-size-default\">Festival di Pueblo<\/h2>\t\t<\/div>\n\t\t\t\t<\/div>\n\t\t\t\t<div class=\"elementor-element elementor-element-12bf29e elementor-widget elementor-widget-image\" data-id=\"12bf29e\" data-element_type=\"widget\" data-widget_type=\"image.default\">\n\t\t\t\t<div class=\"elementor-widget-container\">\n\t\t\t\t\t\t\t\t\t\t\t\t\t\t\t<img width=\"636\" height=\"344\" src=\"https:\/\/fundashonbonintenshon.org\/wp-content\/uploads\/2018\/06\/Festival-di-Pueblo-beeld.png\" class=\"attachment-large size-large\" alt=\"\" loading=\"lazy\" srcset=\"https:\/\/fundashonbonintenshon.org\/wp-content\/uploads\/2018\/06\/Festival-di-Pueblo-beeld.png 636w, https:\/\/fundashonbonintenshon.org\/wp-content\/uploads\/2018\/06\/Festival-di-Pueblo-beeld-300x162.png 300w, https:\/\/fundashonbonintenshon.org\/wp-content\/uploads\/2018\/06\/Festival-di-Pueblo-beeld-18x10.png 18w\" sizes=\"(max-width: 636px) 100vw, 636px\" \/>\t\t\t\t\t\t\t\t\t\t\t\t\t\t\t<\/div>\n\t\t\t\t<\/div>\n\t\t\t\t<div class=\"elementor-element elementor-element-58bd7bba elementor-widget elementor-widget-text-editor\" data-id=\"58bd7bba\" data-element_type=\"widget\" data-widget_type=\"text-editor.default\">\n\t\t\t\t<div class=\"elementor-widget-container\">\n\t\t\t\t\t\t\t<p class=\" translation-block\">Fundashon Bon Intenshon lanceert in 2018 de eerste editie van een nieuw en jaarlijks terugkerend festival: Festival di Pueblo, dat plaatsvindt in de Breedestraat, Otrobanda op de nationale feestdag Dag van de Vlag (Dia di Bandera) op 2 juli.<\/p><p>Met het bekende en populaire Cura\u00e7ao North Sea Jazz Festival, Cura\u00e7ao International BlueSeas Festival en Cura\u00e7ao International Film Festival Rotterdam, heeft Cura\u00e7ao inmiddels een mooie internationale niche verdiend in het hosten van een verscheidenheid aan festivals die jaarlijks duizenden bezoekers naar het eiland aantrekken.<\/p><p>Wat ontbrak in die rij van populaire evenementen was een festival dat volledig gewijd was aan het culturele en artistieke erfgoed van Cura\u00e7ao. Een feest waar lokale kunstenaars, schrijvers, dichters en muzikanten samenkomen om lang vergeten verhalen, liedjes en theatrale kunstuitingen te delen, en waar traditioneel eten, snoep en gerechten uit oma's keuken worden bereid en verkocht.<\/p><p>De eerste editie van Festival di Pueblo brengt alle voornoemde elementen samen met het doel om een \u200b\u200bduurzaam positieve beleving te cre\u00ebren onder de bevolking van Cura\u00e7ao. \u00a0<\/p><p>Het festivalprogramma start om 1 uur \u2018smiddags en alle activiteiten vinden plaats in de hoofdstraat van Otrobanda en op Brionplein op diverse podia genoemd naar bekende locale artiesten zoals Boy Dap, Macario Prudencia, Elis Juliana, Rudy Plaate en de band Doble R.<\/p>\t\t\t\t\t\t<\/div>\n\t\t\t\t<\/div>\n\t\t\t\t<div class=\"elementor-element elementor-element-f487cb4 elementor-widget elementor-widget-image\" data-id=\"f487cb4\" data-element_type=\"widget\" data-widget_type=\"image.default\">\n\t\t\t\t<div class=\"elementor-widget-container\">\n\t\t\t\t\t\t\t\t\t\t\t\t\t\t\t<img width=\"640\" height=\"450\" src=\"https:\/\/fundashonbonintenshon.org\/wp-content\/uploads\/2021\/08\/flyer.png\" class=\"attachment-large size-large\" alt=\"\" loading=\"lazy\" srcset=\"https:\/\/fundashonbonintenshon.org\/wp-content\/uploads\/2021\/08\/flyer.png 640w, https:\/\/fundashonbonintenshon.org\/wp-content\/uploads\/2021\/08\/flyer-300x211.png 300w, https:\/\/fundashonbonintenshon.org\/wp-content\/uploads\/2021\/08\/flyer-18x12.png 18w\" sizes=\"(max-width: 640px) 100vw, 640px\" \/>\t\t\t\t\t\t\t\t\t\t\t\t\t\t\t<\/div>\n\t\t\t\t<\/div>\n\t\t\t\t\t<\/div>\n\t\t<\/div>\n\t\t\t\t\t\t\t<\/div>\n\t\t<\/section>\n\t\t\t\t\t<\/div>\n\t\t<\/div>\n\t\t\t\t\t\t\t<\/div>\n\t\t<\/section>\n\t\t\t\t\t\t<\/div>\n\t\t\t\t\t<\/div>","protected":false},"excerpt":{"rendered":"<p>Fundashon Bon Intenshon is committed to social betterment on Cura\u00e7ao through (inter)national music, sports, and arts projects with a focus on youth development Festival di Pueblo In 2018, Fundashon Bon Intenshon introduces the first edition of a new annual festival:\u00a0Festival di Pueblo, which will take place in the Breedestraat, Otrobanda on 2 July: Curacao Flag [&hellip;]<\/p>","protected":false},"author":1,"featured_media":0,"parent":43,"menu_order":0,"comment_status":"closed","ping_status":"closed","template":"elementor_header_footer","meta":[],"_links":{"self":[{"href":"https:\/\/fundashonbonintenshon.org\/nl\/wp-json\/wp\/v2\/pages\/61"}],"collection":[{"href":"https:\/\/fundashonbonintenshon.org\/nl\/wp-json\/wp\/v2\/pages"}],"about":[{"href":"https:\/\/fundashonbonintenshon.org\/nl\/wp-json\/wp\/v2\/types\/page"}],"author":[{"embeddable":true,"href":"https:\/\/fundashonbonintenshon.org\/nl\/wp-json\/wp\/v2\/users\/1"}],"replies":[{"embeddable":true,"href":"https:\/\/fundashonbonintenshon.org\/nl\/wp-json\/wp\/v2\/comments?post=61"}],"version-history":[{"count":10,"href":"https:\/\/fundashonbonintenshon.org\/nl\/wp-json\/wp\/v2\/pages\/61\/revisions"}],"predecessor-version":[{"id":1237,"href":"https:\/\/fundashonbonintenshon.org\/nl\/wp-json\/wp\/v2\/pages\/61\/revisions\/1237"}],"up":[{"embeddable":true,"href":"https:\/\/fundashonbonintenshon.org\/nl\/wp-json\/wp\/v2\/pages\/43"}],"wp:attachment":[{"href":"https:\/\/fundashonbonintenshon.org\/nl\/wp-json\/wp\/v2\/media?parent=61"}],"curies":[{"name":"wp","href":"https:\/\/api.w.org\/{rel}","templated":true}]}}